{"id":37,"date":"2020-11-16T11:41:58","date_gmt":"2020-11-16T15:41:58","guid":{"rendered":"http:\/\/ihsfa.cl\/?page_id=37"},"modified":"2026-02-19T12:06:55","modified_gmt":"2026-02-19T16:06:55","slug":"rectoria","status":"publish","type":"page","link":"https:\/\/ihsfa.cl\/index.php\/rectoria\/","title":{"rendered":"Rector\u00eda"},"content":{"rendered":"<p>[et_pb_section fb_built=&#8221;1&#8243; _builder_version=&#8221;4.16&#8243; _module_preset=&#8221;default&#8221; background_color=&#8221;#433f87&#8243; border_width_top=&#8221;2px&#8221; border_color_top=&#8221;#e09900&#8243; global_colors_info=&#8221;{}&#8221;][et_pb_row _builder_version=&#8221;4.16&#8243; _module_preset=&#8221;default&#8221; global_colors_info=&#8221;{}&#8221;][et_pb_column type=&#8221;4_4&#8243; _builder_version=&#8221;4.16&#8243; _module_preset=&#8221;default&#8221; global_colors_info=&#8221;{}&#8221;][et_pb_text _builder_version=&#8221;4.16&#8243; _dynamic_attributes=&#8221;content&#8221; _module_preset=&#8221;default&#8221; header_font=&#8221;|700||on|||||&#8221; header_text_align=&#8221;center&#8221; header_text_color=&#8221;#ffffff&#8221; header_font_size=&#8221;45px&#8221; header_line_height=&#8221;1.3em&#8221; global_colors_info=&#8221;{}&#8221;]@ET-DC@eyJkeW5hbWljIjp0cnVlLCJjb250ZW50IjoicG9zdF9saW5rIiwic2V0dGluZ3MiOnsiYmVmb3JlIjoiPGgxPiIsImFmdGVyIjoiPC9oMT4iLCJ0ZXh0IjoicG9zdF90aXRsZSIsImN1c3RvbV90ZXh0IjoiIn19@[\/et_pb_text][\/et_pb_column][\/et_pb_row][\/et_pb_section][et_pb_section fb_built=&#8221;1&#8243; _builder_version=&#8221;4.16&#8243; _module_preset=&#8221;default&#8221; global_colors_info=&#8221;{}&#8221;][et_pb_row column_structure=&#8221;2_5,3_5&#8243; _builder_version=&#8221;4.16&#8243; _module_preset=&#8221;default&#8221; global_colors_info=&#8221;{}&#8221;][et_pb_column type=&#8221;2_5&#8243; _builder_version=&#8221;4.16&#8243; _module_preset=&#8221;default&#8221; global_colors_info=&#8221;{}&#8221;][et_pb_image src=&#8221;https:\/\/ihsfa.cl\/wp-content\/uploads\/2025\/03\/4.png&#8221; title_text=&#8221;4&#8243; _builder_version=&#8221;4.27.2&#8243; _module_preset=&#8221;default&#8221; global_colors_info=&#8221;{}&#8221;][\/et_pb_image][\/et_pb_column][et_pb_column type=&#8221;3_5&#8243; _builder_version=&#8221;4.16&#8243; _module_preset=&#8221;default&#8221; global_colors_info=&#8221;{}&#8221;][et_pb_text _builder_version=&#8221;4.24.2&#8243; _module_preset=&#8221;default&#8221; global_colors_info=&#8221;{}&#8221;]<\/p>\n<p><strong>Querida comunidad IHSFA:<\/strong><\/p>\n<p>Iniciamos con esperanza y entusiasmo un nuevo a\u00f1o escolar, tiempo propicio para renovar nuestro compromiso con la misi\u00f3n educativa que nos convoca a trav\u00e9s de nuestro Proyecto Educativo.<\/p>\n<p>Este a\u00f1o tiene un significado muy especial: celebramos los 800 a\u00f1os de la Pascua de San Francisco de As\u00eds, un hombre que fue testimonio vivo de amor, sencillez y fraternidad. Su ejemplo nos invita a mirar con gratitud el camino recorrido y a proyectarnos hacia el futuro con esp\u00edritu de servicio y alegr\u00eda.<\/p>\n<p>Queremos seguir fortaleciendo nuestra identidad como un \u201ccolegio en acogida\u201d, donde cada persona se sienta valorada, respetada y amada; y tambi\u00e9n como un \u201ccolegio en salida\u201d, que se atreve a ir m\u00e1s all\u00e1, abriendo espacios para nuevas experiencias de aprendizaje en lo acad\u00e9mico, pastoral, art\u00edstico, cultural y deportivo.<\/p>\n<p>Este nuevo a\u00f1o escolar nos desaf\u00eda a propiciar el buen trato y la sana convivencia, \u00a0a cuidar el espacio de \u201cnuestra casa com\u00fan\u201d y a vivir cada d\u00eda el Evangelio desde gestos concretos de fraternidad.<\/p>\n<p>Aspiramos a seguir ofreciendo una educaci\u00f3n cat\u00f3lica de excelencia, que forme personas \u00edntegras, comprometidas con el bien com\u00fan y capaces de transformar su entorno con el pleno desarrollo de sus talentos, iluminados por la fe en Jesucristo, con esperanza y un amor que se hace real en el v\u00ednculo consigo mismos, los dem\u00e1s, la naturaleza y con Dios.<\/p>\n<p><strong><em>Paz y Bien<\/em><\/strong><\/p>\n<p style=\"text-align: center;\"><strong>Ver\u00f3nica Garc\u00eda Luarte<\/strong><br \/><strong>Rectora IHSFA<\/strong><\/p>\n<p>[\/et_pb_text][\/et_pb_column][\/et_pb_row][\/et_pb_section]<\/p>\n","protected":false},"excerpt":{"rendered":"<p>Querida comunidad IHSFA: Iniciamos con esperanza y entusiasmo un nuevo a\u00f1o escolar, tiempo propicio para renovar nuestro compromiso con la misi\u00f3n educativa que nos convoca a trav\u00e9s de nuestro Proyecto Educativo. Este a\u00f1o tiene un significado muy especial: celebramos los 800 a\u00f1os de la Pascua de San Francisco de As\u00eds, un hombre que fue testimonio [&hellip;]<\/p>\n","protected":false},"author":1,"featured_media":0,"parent":0,"menu_order":0,"comment_status":"closed","ping_status":"closed","template":"","meta":{"_et_pb_use_builder":"on","_et_pb_old_content":"<!-- wp:paragraph -->\n<p>Estimada Comunidad Institutana:<\/p>\n<!-- \/wp:paragraph -->\n\n<!-- wp:paragraph -->\n<p>El inicio de este a\u00f1o acad\u00e9mico 2020 viene cargado de desaf\u00edos que no estaban en la planificaci\u00f3n de nadie. El nuevo panorama mundial nos revela lo fr\u00e1giles que somos y c\u00f3mo de la noche a la ma\u00f1ana nos vemos fuera de nuestra zona de confort. Si bien es un proceso doloroso, tambi\u00e9n es esperanzador, porque nos llama a cada uno de los integrantes de esta comunidad a mirar con fe el futuro, a superarnos diariamente y entregar lo mejor de cada uno, para lograr una formaci\u00f3n de calidad bajo el alero y la protecci\u00f3n del Se\u00f1or Jesucristo.<\/p>\n<!-- \/wp:paragraph -->\n\n<!-- wp:paragraph -->\n<p>Nuestro proyecto educativo basado en los pilares del Educar, Evangelizar y Servir, nos impulsan diariamente a generar cambios en cada uno de los integrantes de la comunidad educativa, ya no en el aula, sino desde la distancia forzada por la pandemia que azota a la humanidad. Ser\u00e1 esta situaci\u00f3n la que nos llevar\u00e1 a esforzarnos m\u00e1s a\u00fan en alcanzar los objetivos acad\u00e9micos y pastorales que diferencian a esta instituci\u00f3n educativa por sobre otras, destacando y siendo referentes y l\u00edderes a nivel comunal.<\/p>\n<!-- \/wp:paragraph -->\n\n<!-- wp:paragraph -->\n<p>De la mano de San Francisco de As\u00eds, buscamos estar al servicio de los hermanos y hermanas, viviendo en fraternidad, reconociendo de esta manera que en el centro de nuestra vida debe estar Jesucristo, \u00fanico modelo y camino verdadero al Padre.<\/p>\n<!-- \/wp:paragraph -->\n\n<!-- wp:paragraph -->\n<p>Como colegio, queremos en un futuro, ojal\u00e1 no muy lejano, ser el lugar donde toda la comunidad educativa viva la alegr\u00eda, el regocijo y la vida fraterna en los m\u00e1s diversos espacios educativos: aulas, patio, gimnasio, capilla y biblioteca, siendo estos lugares ideales para dar vida al desaf\u00edo pastoral y acad\u00e9mico propuesto para cada uno de nuestros ni\u00f1os y ni\u00f1as.<\/p>\n<!-- \/wp:paragraph -->\n\n<!-- wp:paragraph -->\n<p>Hermanos y hermanas, les invito a ser parte de este desaf\u00edo pastoral, que la esperanza, la fe en Dios y en los hombres, nos lleven a construir una sociedad mejor, iniciando en nuestra propia comunidad educativa promoviendo un mundo m\u00e1s justo, m\u00e1s humano, centrados en la paz y el bien que Jes\u00fas nos da.<\/p>\n<!-- \/wp:paragraph -->\n\n<!-- wp:paragraph -->\n<p>Que nuestro padre San Francisco de As\u00eds y Mar\u00eda Sant\u00edsima sean nuestros compa\u00f1eros de ruta en este andar, e intercedan ante el Padre celestial para poder reunirnos nuevamente, acompa\u00f1arnos y formarnos mutuamente.<\/p>\n<!-- \/wp:paragraph -->\n\n<!-- wp:paragraph -->\n<p>Paz y bien.<\/p>\n<!-- \/wp:paragraph -->\n\n<!-- wp:paragraph -->\n<p>Virginia Abraham M\u00e1rquez<\/p>\n<!-- \/wp:paragraph -->\n\n<!-- wp:paragraph -->\n<p>Rectora (I) Instituto de Humanidades<\/p>\n<!-- \/wp:paragraph -->\n\n<!-- wp:paragraph -->\n<p>San Francisco de As\u00eds, Lota<\/p>\n<!-- \/wp:paragraph -->","_et_gb_content_width":"","footnotes":""},"class_list":["post-37","page","type-page","status-publish","hentry"],"_links":{"self":[{"href":"https:\/\/ihsfa.cl\/index.php\/wp-json\/wp\/v2\/pages\/37"}],"collection":[{"href":"https:\/\/ihsfa.cl\/index.php\/wp-json\/wp\/v2\/pages"}],"about":[{"href":"https:\/\/ihsfa.cl\/index.php\/wp-json\/wp\/v2\/types\/page"}],"author":[{"embeddable":true,"href":"https:\/\/ihsfa.cl\/index.php\/wp-json\/wp\/v2\/users\/1"}],"replies":[{"embeddable":true,"href":"https:\/\/ihsfa.cl\/index.php\/wp-json\/wp\/v2\/comments?post=37"}],"version-history":[{"count":9,"href":"https:\/\/ihsfa.cl\/index.php\/wp-json\/wp\/v2\/pages\/37\/revisions"}],"predecessor-version":[{"id":4049,"href":"https:\/\/ihsfa.cl\/index.php\/wp-json\/wp\/v2\/pages\/37\/revisions\/4049"}],"wp:attachment":[{"href":"https:\/\/ihsfa.cl\/index.php\/wp-json\/wp\/v2\/media?parent=37"}],"curies":[{"name":"wp","href":"https:\/\/api.w.org\/{rel}","templated":true}]}}