{"id":39,"date":"2020-11-16T11:42:16","date_gmt":"2020-11-16T15:42:16","guid":{"rendered":"http:\/\/ihsfa.cl\/?page_id=39"},"modified":"2026-03-10T16:02:00","modified_gmt":"2026-03-10T20:02:00","slug":"historia","status":"publish","type":"page","link":"https:\/\/ihsfa.cl\/index.php\/historia\/","title":{"rendered":"Historia"},"content":{"rendered":"<p>[et_pb_section fb_built=&#8221;1&#8243; next_background_color=&#8221;#f7f7f7&#8243; admin_label=&#8221;Hero Section&#8221; _builder_version=&#8221;4.16&#8243; use_background_color_gradient=&#8221;on&#8221; background_color_gradient_stops=&#8221;rgba(0,0,0,0.4) 0%|rgba(0,0,0,0.4) 100%&#8221; background_color_gradient_overlays_image=&#8221;on&#8221; background_color_gradient_start=&#8221;rgba(0,0,0,0.4)&#8221; background_color_gradient_end=&#8221;rgba(0,0,0,0.4)&#8221; background_image=&#8221;http:\/\/ihsfa.cl\/wp-content\/uploads\/2020\/11\/Instituto-Lota.jpg&#8221; background_position=&#8221;center_right&#8221; custom_padding=&#8221;10%||16%|&#8221; bottom_divider_style=&#8221;slant&#8221; bottom_divider_height=&#8221;60px&#8221; global_colors_info=&#8221;{}&#8221; background_color_gradient_direction__hover=&#8221;180deg&#8221; background_color_gradient_direction__hover_enabled=&#8221;180deg&#8221; background_color_gradient_start_position__hover=&#8221;0%&#8221; background_color_gradient_start_position__hover_enabled=&#8221;0%&#8221; background_color_gradient_end_position__hover=&#8221;100%&#8221; background_color_gradient_end_position__hover_enabled=&#8221;100%&#8221; background_color_gradient_stops__hover=&#8221;rgba(0,0,0,0.4) 0%|rgba(0,0,0,0.4) 100%&#8221;][\/et_pb_section][et_pb_section fb_built=&#8221;1&#8243; admin_label=&#8221;About Section&#8221; _builder_version=&#8221;4.16&#8243; background_color=&#8221;#f7f7f7&#8243; custom_padding=&#8221;90px||90px|&#8221; global_colors_info=&#8221;{}&#8221;][et_pb_row admin_label=&#8221;Section Title&#8221; _builder_version=&#8221;4.16&#8243; custom_margin=&#8221;|||&#8221; custom_padding=&#8221;27px|0px|27px|0px&#8221; locked=&#8221;off&#8221; global_colors_info=&#8221;{}&#8221;][et_pb_column type=&#8221;4_4&#8243; _builder_version=&#8221;4.16&#8243; custom_padding=&#8221;|||&#8221; global_colors_info=&#8221;{}&#8221; custom_padding__hover=&#8221;|||&#8221;][et_pb_text admin_label=&#8221;Title&#8221; _builder_version=&#8221;4.16&#8243; text_font=&#8221;||||||||&#8221; header_font=&#8221;||||||||&#8221; header_2_font=&#8221;Montserrat|600||on|||||&#8221; header_2_text_align=&#8221;center&#8221; header_2_font_size=&#8221;30px&#8221; custom_margin=&#8221;||5px|&#8221; animation_style=&#8221;slide&#8221; animation_direction=&#8221;top&#8221; animation_intensity_slide=&#8221;20%&#8221; animation_starting_opacity=&#8221;100%&#8221; global_colors_info=&#8221;{}&#8221;]<\/p>\n<h2 style=\"text-align: center;\"><strong>historia<\/strong><\/h2>\n<p>[\/et_pb_text][et_pb_divider show_divider=&#8221;off&#8221; _builder_version=&#8221;4.16&#8243; max_width=&#8221;23px&#8221; module_alignment=&#8221;center&#8221; animation_style=&#8221;slide&#8221; animation_direction=&#8221;top&#8221; animation_intensity_slide=&#8221;20%&#8221; animation_starting_opacity=&#8221;100%&#8221; global_colors_info=&#8221;{}&#8221;][\/et_pb_divider][et_pb_text _builder_version=&#8221;4.27.2&#8243; _module_preset=&#8221;default&#8221; hover_enabled=&#8221;0&#8243; sticky_enabled=&#8221;0&#8243;]<\/p>\n<p>El Instituto de Humanidades San Francisco de As\u00eds, fue fundado por el Sr. Arturo Cousi\u00f1o Lyon, el 25 de agosto de 1944.<\/p>\n<p>Naci\u00f3 administrativamente y desde el punto de vista financiero de la Compa\u00f1\u00eda Carbon\u00edfera, teniendo como objetivo educar a los hijos de sus trabajadores.<\/p>\n<p>Su primera directora, fue la Sra. Ester Riquelme, e inici\u00f3 sus clases con 210 alumnas, distribuidas en cursos de 1o a 5o a\u00f1o de preparatoria. Tempranamente, comenz\u00f3 a llamarse en la comunidad lotina \u201cEscuelita Arturo\u201d.<\/p>\n<p>Con fecha 27 de julio de 1950 y bajo el Decreto Cooperador N\u00b0 5413, fue reconocido como entidad educativa colaboradora del Estado.<\/p>\n<p>El 1 de marzo de 1960, La Empresa Nacional del Carb\u00f3n, decide traspasar la administraci\u00f3n de la Escuela Arturo a las Hermanas Misioneras Catequistas de Boroa. La directora en ese entonces fue la Hna. Mar\u00eda Antonia Pflugbell.<\/p>\n<p>A partir del a\u00f1o 2000, la \u201cEscuelita Arturo\u201d o \u201cEscuela Arturo N\u00b0 7\u201d, pas\u00f3 a ser una entidad dependiente del Arzobispado de la Sant\u00edsima Concepci\u00f3n.<\/p>\n<p>Arraigada la identidad del colegio con el carisma franciscano, se acord\u00f3 cambiar el nombre de \u201cEscuelita Arturo\u201d, como era conocida, por INSTITUTO DE HUMANIDADES \u201cSAN FRANCISCO DE AS\u00cdS\u201d, cuyo lema \u201cCon la palabra y el ejemplo en cada acci\u00f3n\u201d conlleva una formaci\u00f3n integral intelectual, corp\u00f3rea y espiritual (tridimensional) en su quehacer acad\u00e9mico pastoral.<\/p>\n<p>El a\u00f1o 2008, el colegio es incorporado a la Fundaci\u00f3n Educacional Cristo Rey quien es su actual sostenedora y que alberga a 11 colegios en toda la Arquidi\u00f3cesis de la Sant\u00edsima Concepci\u00f3n.<\/p>\n<p>El terremoto de 2010 quebr\u00f3 los ejes de la antigua casona, lo que dio origen a una profunda transformaci\u00f3n, naciendo en el mismo lugar un imponente edificio de dos pisos que no busca otro objetivo sino el profesado en nuestro proyecto educativo pastoral: Educar, Evangelizar y Servir.<\/p>\n<p>Este mismo hecho, da la oportunidad a partir del a\u00f1o 2015 de hacer crecer el colegio a la Ense\u00f1anza Media, con un curso por nivel desde 1\u00ba b\u00e1sico hasta 4o medio, (nivel que alcanzar\u00e1 el colegio a partir del a\u00f1o 2018).<\/p>\n<p>[\/et_pb_text][\/et_pb_column][\/et_pb_row][\/et_pb_section][et_pb_section fb_built=&#8221;1&#8243; admin_label=&#8221;CTA Section&#8221; _builder_version=&#8221;4.16&#8243; background_color=&#8221;#f16334&#8243; use_background_color_gradient=&#8221;on&#8221; background_color_gradient_stops=&#8221;#f16334 0%|rgba(241,99,52,0.85) 100%&#8221; background_color_gradient_overlays_image=&#8221;on&#8221; background_color_gradient_start=&#8221;#f16334&#8243; background_color_gradient_end=&#8221;rgba(241,99,52,0.85)&#8221; background_image=&#8221;http:\/\/ihsfa.cl\/wp-content\/uploads\/2020\/11\/business-14.jpg&#8221; custom_padding=&#8221;180px||180px|&#8221; global_colors_info=&#8221;{}&#8221;][\/et_pb_section]<\/p>\n","protected":false},"excerpt":{"rendered":"<p>historiaEl Instituto de Humanidades San Francisco de As\u00eds, fue fundado por el Sr. Arturo Cousi\u00f1o Lyon, el 25 de agosto de 1944. Naci\u00f3 administrativamente y desde el punto de vista financiero de la Compa\u00f1\u00eda Carbon\u00edfera, teniendo como objetivo educar a los hijos de sus trabajadores. Su primera directora, fue la Sra. Ester Riquelme, e inici\u00f3 [&hellip;]<\/p>\n","protected":false},"author":1,"featured_media":0,"parent":0,"menu_order":0,"comment_status":"closed","ping_status":"closed","template":"","meta":{"_et_pb_use_builder":"on","_et_pb_old_content":"<!-- wp:paragraph {\"align\":\"left\"} -->\n<p class=\"has-text-align-left\">Este mismo hecho, da la oportunidad a partir del a\u00f1o 2015 de hacer crecer el colegio a la Ense\u00f1anza Media, con un curso por nivel desde 1\u00ba b\u00e1sico hasta 4o medio, (nivel que alcanzar\u00e1 el colegio a partir del a\u00f1o 2018).<\/p>\n<!-- \/wp:paragraph -->\n\n<!-- wp:paragraph -->\n<p>El Instituto de Humanidades San Francisco de As\u00eds, fue fundado por el Sr. Arturo Cousi\u00f1o Lyon, el 25 de agosto de 1944. Naci\u00f3 administrativamente y desde el punto de vista financiero de la Compa\u00f1\u00eda Carbon\u00edfera, teniendo como objetivo educar a los hijos de sus trabajadores. Su primera directora, fue la Sra. Ester Riquelme, e inici\u00f3 sus clases con 210 alumnas, distribuidas en cursos de 1o a 5o a\u00f1o de preparatoria. Tempranamente, comenz\u00f3 a llamarse en la comunidad lotina \u201cEscuelita Arturo\u201d.<\/p>\n<!-- \/wp:paragraph -->\n\n<!-- wp:paragraph -->\n<p>Con fecha 27 de julio de 1950 y bajo el Decreto Cooperador N\u00b0 5413, fue reconocido como entidad educativa colaboradora del Estado. El 1 de marzo de 1960, La Empresa Nacional del Carb\u00f3n, decide traspasar la administraci\u00f3n de la Escuela Arturo a las Hermanas Misioneras Catequistas de Boroa. La directora en ese entonces fue la Hna. Mar\u00eda Antonia Pflugbell.<\/p>\n<!-- \/wp:paragraph -->\n\n<!-- wp:paragraph -->\n<p>A partir del a\u00f1o 2000, la \u201cEscuelita Arturo\u201d o \u201cEscuela Arturo N\u00b0 7\u201d, pas\u00f3 a ser una entidad dependiente del Arzobispado de la Sant\u00edsima Concepci\u00f3n. Arraigada la identidad del colegio con el carisma franciscano, se acord\u00f3 cambiar el nombre de \u201cEscuelita Arturo\u201d, como era conocida, por INSTITUTO DE HUMANIDADES \u201cSAN FRANCISCO DE AS\u00cdS\u201d, cuyo lema \u201cCon la palabra y el ejemplo en cada acci\u00f3n\u201d conlleva una formaci\u00f3n integral intelectual, corp\u00f3rea y espiritual (tridimensional) en su quehacer acad\u00e9mico pastoral.<\/p>\n<!-- \/wp:paragraph -->\n\n<!-- wp:paragraph -->\n<p>El a\u00f1o 2008, el colegio es incorporado a la Fundaci\u00f3n Educacional Cristo Rey quien es su actual sostenedora y que alberga a 11 colegios en toda la Arquidi\u00f3cesis de la Sant\u00edsima Concepci\u00f3n. El terremoto de 2010 quebr\u00f3 los ejes de la antigua casona, lo que dio origen a una profunda transformaci\u00f3n, naciendo en el mismo lugar un imponente edificio de dos pisos que no busca otro objetivo sino el profesado en nuestro proyecto educativo pastoral: Educar, Evangelizar y Servir.<\/p>\n<!-- \/wp:paragraph -->","_et_gb_content_width":"","footnotes":""},"class_list":["post-39","page","type-page","status-publish","hentry"],"_links":{"self":[{"href":"https:\/\/ihsfa.cl\/index.php\/wp-json\/wp\/v2\/pages\/39"}],"collection":[{"href":"https:\/\/ihsfa.cl\/index.php\/wp-json\/wp\/v2\/pages"}],"about":[{"href":"https:\/\/ihsfa.cl\/index.php\/wp-json\/wp\/v2\/types\/page"}],"author":[{"embeddable":true,"href":"https:\/\/ihsfa.cl\/index.php\/wp-json\/wp\/v2\/users\/1"}],"replies":[{"embeddable":true,"href":"https:\/\/ihsfa.cl\/index.php\/wp-json\/wp\/v2\/comments?post=39"}],"version-history":[{"count":9,"href":"https:\/\/ihsfa.cl\/index.php\/wp-json\/wp\/v2\/pages\/39\/revisions"}],"predecessor-version":[{"id":4074,"href":"https:\/\/ihsfa.cl\/index.php\/wp-json\/wp\/v2\/pages\/39\/revisions\/4074"}],"wp:attachment":[{"href":"https:\/\/ihsfa.cl\/index.php\/wp-json\/wp\/v2\/media?parent=39"}],"curies":[{"name":"wp","href":"https:\/\/api.w.org\/{rel}","templated":true}]}}