{"id":43,"date":"2020-11-16T11:43:06","date_gmt":"2020-11-16T15:43:06","guid":{"rendered":"http:\/\/ihsfa.cl\/?page_id=43"},"modified":"2024-03-27T07:29:12","modified_gmt":"2024-03-27T11:29:12","slug":"pastoral","status":"publish","type":"page","link":"https:\/\/ihsfa.cl\/index.php\/pastoral\/","title":{"rendered":"Pastoral"},"content":{"rendered":"<p>[et_pb_section fb_built=&#8221;1&#8243; _builder_version=&#8221;4.16&#8243; _module_preset=&#8221;default&#8221; background_color=&#8221;#433f87&#8243; border_width_top=&#8221;2px&#8221; border_color_top=&#8221;#e09900&#8243; global_colors_info=&#8221;{}&#8221;][et_pb_row _builder_version=&#8221;4.16&#8243; _module_preset=&#8221;default&#8221; global_colors_info=&#8221;{}&#8221;][et_pb_column type=&#8221;4_4&#8243; _builder_version=&#8221;4.16&#8243; _module_preset=&#8221;default&#8221; global_colors_info=&#8221;{}&#8221;][et_pb_text _builder_version=&#8221;4.16&#8243; _dynamic_attributes=&#8221;content&#8221; _module_preset=&#8221;default&#8221; header_font=&#8221;|700||on|||||&#8221; header_text_align=&#8221;center&#8221; header_text_color=&#8221;#ffffff&#8221; header_font_size=&#8221;45px&#8221; header_line_height=&#8221;1.3em&#8221; global_colors_info=&#8221;{}&#8221;]@ET-DC@eyJkeW5hbWljIjp0cnVlLCJjb250ZW50IjoicG9zdF9saW5rIiwic2V0dGluZ3MiOnsiYmVmb3JlIjoiPGgxPiIsImFmdGVyIjoiPC9oMT4iLCJ0ZXh0IjoicG9zdF90aXRsZSIsImN1c3RvbV90ZXh0IjoiIn19@[\/et_pb_text][\/et_pb_column][\/et_pb_row][\/et_pb_section][et_pb_section fb_built=&#8221;1&#8243; _builder_version=&#8221;4.16&#8243; _module_preset=&#8221;default&#8221; global_colors_info=&#8221;{}&#8221;][et_pb_row _builder_version=&#8221;4.16&#8243; _module_preset=&#8221;default&#8221; global_colors_info=&#8221;{}&#8221;][et_pb_column type=&#8221;4_4&#8243; _builder_version=&#8221;4.16&#8243; _module_preset=&#8221;default&#8221; global_colors_info=&#8221;{}&#8221;][\/et_pb_column][\/et_pb_row][et_pb_row column_structure=&#8221;2_5,3_5&#8243; _builder_version=&#8221;4.16&#8243; _module_preset=&#8221;default&#8221; global_colors_info=&#8221;{}&#8221;][et_pb_column type=&#8221;2_5&#8243; _builder_version=&#8221;4.16&#8243; _module_preset=&#8221;default&#8221; global_colors_info=&#8221;{}&#8221;][et_pb_image src=&#8221;https:\/\/ihsfa.cl\/wp-content\/uploads\/2024\/03\/Maria-de-los-Angeles-scaled.jpg&#8221; title_text=&#8221;Maria de los Angeles&#8221; _builder_version=&#8221;4.24.2&#8243; _module_preset=&#8221;default&#8221; global_colors_info=&#8221;{}&#8221;][\/et_pb_image][\/et_pb_column][et_pb_column type=&#8221;3_5&#8243; _builder_version=&#8221;4.16&#8243; _module_preset=&#8221;default&#8221; global_colors_info=&#8221;{}&#8221;][et_pb_text _builder_version=&#8221;4.24.2&#8243; _module_preset=&#8221;default&#8221; global_colors_info=&#8221;{}&#8221;]<\/p>\n<h1><strong>Directora de Pastoral<\/strong><\/h1>\n<p>Sra. Mar\u00eda de los Angeles del R\u00edo Arriagada<\/p>\n<p>Correo de contacto: <span><a href=\"mailto:mdelrio@ihsfa.cl\">mdelrio@ihsfa.cl<\/a><\/span><\/p>\n<p><span><\/span>Tel\u00e9fono: 412-871568<\/p>\n<p><strong>OBJETIVO<\/strong><br \/>Es el encargado de gestionar la planificaci\u00f3n, organizaci\u00f3n, direcci\u00f3n, supervisi\u00f3n y evaluaci\u00f3n de las actividades de pastoral del Establecimiento, destinadas a los estudiantes, padres y profesores; a fin de que el quehacer educativo tenga un sello evangelizador que contribuya a la formaci\u00f3n espiritual y a la adhesi\u00f3n a la iglesia, promoviendo en los ni\u00f1os y j\u00f3venes el encuentro personal con Jes\u00fas y una profunda fe en Dios<\/p>\n<p><strong>FUNCIONES<\/strong><\/p>\n<ul>\n<li style=\"text-align: justify;\">Favorecer el encuentro personal de los estudiantes con Jesucristo<\/li>\n<li style=\"text-align: justify;\">Promover experiencias de anuncio, celebraci\u00f3n de la fe y vida comunitaria de los estudiantes<\/li>\n<li style=\"text-align: justify;\">Impulsar experiencias de servicio, en los estudiantes<\/li>\n<li style=\"text-align: justify;\">Ofrece acompa\u00f1amiento y formaci\u00f3n pastoral a los docentes y asistentes de la educaci\u00f3n<\/li>\n<li style=\"text-align: justify;\">Animar apoderados comprometidos con aprendizaje y fe de sus hijos\/as<\/li>\n<li style=\"text-align: justify;\">Difundir el PEI y la Planificaci\u00f3n Estrat\u00e9gica del establecimiento.<\/li>\n<\/ul>\n<p>[\/et_pb_text][\/et_pb_column][\/et_pb_row][et_pb_row _builder_version=&#8221;4.16&#8243; _module_preset=&#8221;default&#8221; global_colors_info=&#8221;{}&#8221;][et_pb_column type=&#8221;4_4&#8243; _builder_version=&#8221;4.16&#8243; _module_preset=&#8221;default&#8221; global_colors_info=&#8221;{}&#8221;][et_pb_text _builder_version=&#8221;4.18.0&#8243; _module_preset=&#8221;default&#8221; global_colors_info=&#8221;{}&#8221;]<\/p>\n<h1 style=\"text-align: center;\">El equipo pastoral es el siguiente:<\/h1>\n<p>[\/et_pb_text][\/et_pb_column][\/et_pb_row][et_pb_row column_structure=&#8221;1_2,1_2&#8243; _builder_version=&#8221;4.18.0&#8243; _module_preset=&#8221;default&#8221; global_colors_info=&#8221;{}&#8221;][et_pb_column type=&#8221;1_2&#8243; _builder_version=&#8221;4.18.0&#8243; _module_preset=&#8221;default&#8221; global_colors_info=&#8221;{}&#8221;][et_pb_text _builder_version=&#8221;4.18.0&#8243; _module_preset=&#8221;default&#8221; global_colors_info=&#8221;{}&#8221;]<\/p>\n<p style=\"text-align: center;\">Sr. Israel Antonio Rojas Torres<\/p>\n<p style=\"text-align: center;\">Correo de contacto:<span> <a href=\"mailto:gsepulveda@ihsfa.cl\">israel.rojas@ihsfa.cl<\/a><\/span><\/p>\n<p style=\"text-align: center;\">Tel\u00e9fono: 412-871568<\/p>\n<p>[\/et_pb_text][\/et_pb_column][et_pb_column type=&#8221;1_2&#8243; _builder_version=&#8221;4.18.0&#8243; _module_preset=&#8221;default&#8221; global_colors_info=&#8221;{}&#8221;][et_pb_text _builder_version=&#8221;4.24.2&#8243; _module_preset=&#8221;default&#8221; hover_enabled=&#8221;0&#8243; global_colors_info=&#8221;{}&#8221; sticky_enabled=&#8221;0&#8243;]<\/p>\n<p style=\"text-align: center;\">Sr.<\/p>\n<p style=\"text-align: center;\">Correo de contacto:<span> <a href=\"mailto:gsepulveda@ihsfa.cl\">@ihsfa.cl<\/a><\/span><\/p>\n<p style=\"text-align: center;\">Tel\u00e9fono: 412-871568<\/p>\n<p>[\/et_pb_text][\/et_pb_column][\/et_pb_row][et_pb_row column_structure=&#8221;1_2,1_2&#8243; _builder_version=&#8221;4.18.0&#8243; _module_preset=&#8221;default&#8221; global_colors_info=&#8221;{}&#8221;][et_pb_column type=&#8221;1_2&#8243; _builder_version=&#8221;4.18.0&#8243; _module_preset=&#8221;default&#8221; global_colors_info=&#8221;{}&#8221;][et_pb_image src=&#8221;https:\/\/ihsfa.cl\/wp-content\/uploads\/2022\/11\/Israel-Rojas-scaled.jpg&#8221; title_text=&#8221;Israel Rojas&#8221; _builder_version=&#8221;4.18.0&#8243; _module_preset=&#8221;default&#8221; global_colors_info=&#8221;{}&#8221;][\/et_pb_image][\/et_pb_column][et_pb_column type=&#8221;1_2&#8243; _builder_version=&#8221;4.18.0&#8243; _module_preset=&#8221;default&#8221; global_colors_info=&#8221;{}&#8221;][et_pb_image src=&#8221;data:image\/svg+xml;base64,PHN2ZyB3aWR0aD0iMTA4MCIgaGVpZ2h0PSI1NDAiIHZpZXdCb3g9IjAgMCAxMDgwIDU0MCIgeG1sbnM9Imh0dHA6Ly93d3cudzMub3JnLzIwMDAvc3ZnIj4KICAgIDxnIGZpbGw9Im5vbmUiIGZpbGwtcnVsZT0iZXZlbm9kZCI+CiAgICAgICAgPHBhdGggZmlsbD0iI0VCRUJFQiIgZD0iTTAgMGgxMDgwdjU0MEgweiIvPgogICAgICAgIDxwYXRoIGQ9Ik00NDUuNjQ5IDU0MGgtOTguOTk1TDE0NC42NDkgMzM3Ljk5NSAwIDQ4Mi42NDR2LTk4Ljk5NWwxMTYuMzY1LTExNi4zNjVjMTUuNjItMTUuNjIgNDAuOTQ3LTE1LjYyIDU2LjU2OCAwTDQ0NS42NSA1NDB6IiBmaWxsLW9wYWNpdHk9Ii4xIiBmaWxsPSIjMDAwIiBmaWxsLXJ1bGU9Im5vbnplcm8iLz4KICAgICAgICA8Y2lyY2xlIGZpbGwtb3BhY2l0eT0iLjA1IiBmaWxsPSIjMDAwIiBjeD0iMzMxIiBjeT0iMTQ4IiByPSI3MCIvPgogICAgICAgIDxwYXRoIGQ9Ik0xMDgwIDM3OXYxMTMuMTM3TDcyOC4xNjIgMTQwLjMgMzI4LjQ2MiA1NDBIMjE1LjMyNEw2OTkuODc4IDU1LjQ0NmMxNS42Mi0xNS42MiA0MC45NDgtMTUuNjIgNTYuNTY4IDBMMTA4MCAzNzl6IiBmaWxsLW9wYWNpdHk9Ii4yIiBmaWxsPSIjMDAwIiBmaWxsLXJ1bGU9Im5vbnplcm8iLz4KICAgIDwvZz4KPC9zdmc+Cg==&#8221; _builder_version=&#8221;4.18.0&#8243; _module_preset=&#8221;default&#8221; global_colors_info=&#8221;{}&#8221;][\/et_pb_image][\/et_pb_column][\/et_pb_row][\/et_pb_section]<\/p>\n","protected":false},"excerpt":{"rendered":"<p>Directora de Pastoral Sra. Mar\u00eda de los Angeles del R\u00edo Arriagada Correo de contacto: mdelrio@ihsfa.cl Tel\u00e9fono: 412-871568 OBJETIVOEs el encargado de gestionar la planificaci\u00f3n, organizaci\u00f3n, direcci\u00f3n, supervisi\u00f3n y evaluaci\u00f3n de las actividades de pastoral del Establecimiento, destinadas a los estudiantes, padres y profesores; a fin de que el quehacer educativo tenga un sello evangelizador que [&hellip;]<\/p>\n","protected":false},"author":1,"featured_media":0,"parent":0,"menu_order":0,"comment_status":"closed","ping_status":"closed","template":"","meta":{"_et_pb_use_builder":"on","_et_pb_old_content":"","_et_gb_content_width":"","footnotes":""},"class_list":["post-43","page","type-page","status-publish","hentry"],"_links":{"self":[{"href":"https:\/\/ihsfa.cl\/index.php\/wp-json\/wp\/v2\/pages\/43"}],"collection":[{"href":"https:\/\/ihsfa.cl\/index.php\/wp-json\/wp\/v2\/pages"}],"about":[{"href":"https:\/\/ihsfa.cl\/index.php\/wp-json\/wp\/v2\/types\/page"}],"author":[{"embeddable":true,"href":"https:\/\/ihsfa.cl\/index.php\/wp-json\/wp\/v2\/users\/1"}],"replies":[{"embeddable":true,"href":"https:\/\/ihsfa.cl\/index.php\/wp-json\/wp\/v2\/comments?post=43"}],"version-history":[{"count":9,"href":"https:\/\/ihsfa.cl\/index.php\/wp-json\/wp\/v2\/pages\/43\/revisions"}],"predecessor-version":[{"id":3288,"href":"https:\/\/ihsfa.cl\/index.php\/wp-json\/wp\/v2\/pages\/43\/revisions\/3288"}],"wp:attachment":[{"href":"https:\/\/ihsfa.cl\/index.php\/wp-json\/wp\/v2\/media?parent=43"}],"curies":[{"name":"wp","href":"https:\/\/api.w.org\/{rel}","templated":true}]}}