{"id":47,"date":"2020-11-16T11:44:10","date_gmt":"2020-11-16T15:44:10","guid":{"rendered":"http:\/\/ihsfa.cl\/?page_id=47"},"modified":"2024-03-27T07:26:31","modified_gmt":"2024-03-27T11:26:31","slug":"encargado-de-convivencia-escolar","status":"publish","type":"page","link":"https:\/\/ihsfa.cl\/index.php\/encargado-de-convivencia-escolar\/","title":{"rendered":"Encargado de Convivencia Escolar"},"content":{"rendered":"<p>[et_pb_section fb_built=&#8221;1&#8243; _builder_version=&#8221;4.16&#8243; _module_preset=&#8221;default&#8221; background_color=&#8221;#433f87&#8243; border_width_top=&#8221;2px&#8221; border_color_top=&#8221;#e09900&#8243; global_colors_info=&#8221;{}&#8221;][et_pb_row _builder_version=&#8221;4.16&#8243; _module_preset=&#8221;default&#8221; global_colors_info=&#8221;{}&#8221;][et_pb_column type=&#8221;4_4&#8243; _builder_version=&#8221;4.16&#8243; _module_preset=&#8221;default&#8221; global_colors_info=&#8221;{}&#8221;][et_pb_text _builder_version=&#8221;4.16&#8243; _dynamic_attributes=&#8221;content&#8221; _module_preset=&#8221;default&#8221; header_font=&#8221;|700||on|||||&#8221; header_text_align=&#8221;center&#8221; header_text_color=&#8221;#ffffff&#8221; header_font_size=&#8221;45px&#8221; header_line_height=&#8221;1.3em&#8221; global_colors_info=&#8221;{}&#8221;]@ET-DC@eyJkeW5hbWljIjp0cnVlLCJjb250ZW50IjoicG9zdF9saW5rIiwic2V0dGluZ3MiOnsiYmVmb3JlIjoiPGgxPiIsImFmdGVyIjoiPC9oMT4iLCJ0ZXh0IjoicG9zdF90aXRsZSIsImN1c3RvbV90ZXh0IjoiIn19@[\/et_pb_text][\/et_pb_column][\/et_pb_row][\/et_pb_section][et_pb_section fb_built=&#8221;1&#8243; _builder_version=&#8221;4.16&#8243; _module_preset=&#8221;default&#8221; global_colors_info=&#8221;{}&#8221;][et_pb_row _builder_version=&#8221;4.16&#8243; _module_preset=&#8221;default&#8221; global_colors_info=&#8221;{}&#8221;][et_pb_column type=&#8221;4_4&#8243; _builder_version=&#8221;4.16&#8243; _module_preset=&#8221;default&#8221; global_colors_info=&#8221;{}&#8221;][\/et_pb_column][\/et_pb_row][et_pb_row column_structure=&#8221;2_5,3_5&#8243; _builder_version=&#8221;4.16&#8243; _module_preset=&#8221;default&#8221; global_colors_info=&#8221;{}&#8221;][et_pb_column type=&#8221;2_5&#8243; _builder_version=&#8221;4.16&#8243; _module_preset=&#8221;default&#8221; global_colors_info=&#8221;{}&#8221;][et_pb_image src=&#8221;https:\/\/ihsfa.cl\/wp-content\/uploads\/2024\/03\/Carlos-Fuentealba.jpg&#8221; _builder_version=&#8221;4.24.2&#8243; _module_preset=&#8221;default&#8221; hover_enabled=&#8221;0&#8243; global_colors_info=&#8221;{}&#8221; title_text=&#8221;Carlos Fuentealba&#8221; sticky_enabled=&#8221;0&#8243;][\/et_pb_image][et_pb_accordion _builder_version=&#8221;4.24.2&#8243; _module_preset=&#8221;default&#8221; hover_enabled=&#8221;0&#8243; global_colors_info=&#8221;{}&#8221; sticky_enabled=&#8221;0&#8243;][et_pb_accordion_item title=&#8221;Encargado de Convivencia Escolar&#8221; open=&#8221;on&#8221; _builder_version=&#8221;4.24.2&#8243; _module_preset=&#8221;default&#8221; hover_enabled=&#8221;0&#8243; global_colors_info=&#8221;{}&#8221; sticky_enabled=&#8221;0&#8243;]<\/p>\n<p>Sr. Carlos Fuentealba Merino<\/p>\n<p>Correo de contacto:<a href=\"mailto:convivencia@ihsfa.cl\">convivencia@ihsfa.cl<\/a><\/p>\n<p>\u00a0 \u00a0 \u00a0 \u00a0 \u00a0 \u00a0 \u00a0 \u00a0 \u00a0 \u00a0 \u00a0 \u00a0 \u00a0 \u00a0 \u00a0 \u00a0 \u00a0 \u00a0<a href=\"mailto:cfuentealba@ihsfa.cl\">cfuentealba@ihsfa.cl<\/a><\/p>\n<p>Tel\u00e9fono: 412-871568<\/p>\n<p>[\/et_pb_accordion_item][\/et_pb_accordion][\/et_pb_column][et_pb_column type=&#8221;3_5&#8243; _builder_version=&#8221;4.16&#8243; _module_preset=&#8221;default&#8221; global_colors_info=&#8221;{}&#8221;][et_pb_text _builder_version=&#8221;4.18.0&#8243; _module_preset=&#8221;default&#8221; global_colors_info=&#8221;{}&#8221;]<\/p>\n<p>Se define por Convivencia Escolar \u201cla coexistencia pac\u00edfica de los miembros de la comunidad educativa, que supone una interrelaci\u00f3n positiva entre ellos y permite el adecuado cumplimiento de los objetivos educativos en un clima que propicia el desarrollo integral de los estudiantes\u201d.<\/p>\n<p>La convivencia escolar se trata de la construcci\u00f3n de un modo de relaci\u00f3n entre las personas de una comunidad, sustentada en el respeto mutuo y en la solidaridad rec\u00edproca, expresada en la interrelaci\u00f3n armoniosa y sin violencia entre los diferentes actores y estamentos de la Comunidad Educativa.<\/p>\n<p>Tiene un enfoque eminentemente formativo. Se deben ense\u00f1ar y aprender una suma de conocimientos, habilidades y valores que permiten poner en pr\u00e1ctica el vivir en paz y la armon\u00eda con otros, porque es la base para el ejercicio de la ciudadan\u00eda. En la escolaridad, estos aprendizajes est\u00e1n establecidos tanto en los Objetivos Fundamentales Transversales como en los Objetivos Fundamentales Verticales.<\/p>\n<p>En s\u00ed mismo, el enfoque formativo contiene una dimensi\u00f3n preventiva, expresada en el desarrollo de conocimientos, habilidades y actitudes que permitan formar personas aut\u00f3nomas, capaces de tomar decisiones personales y de anticiparse a las situaciones que amenazan o alteran el aprendizaje de la convivencia, cautelando en todo momento el proceso formativo y las estrategias pedag\u00f3gicas. En este sentido, la dimensi\u00f3n preventiva implica superar la noci\u00f3n de riesgo y no se limita a informar o prohibir, sino que apunta a formar para actuar con anticipaci\u00f3n (Mineduc).<\/p>\n<p>Funciones del Encargado de Convivencia Escolar:<\/p>\n<p>Dise\u00f1ar, elaborar e implementar el Plan de Gesti\u00f3n de la Convivencia Escolar.<br \/>Dise\u00f1ar la conformaci\u00f3n de equipos de trabajo.<br \/>Informar al equipo directivo y al Consejo Escolar de los avances o dificultades en la implementaci\u00f3n del Plan de Gesti\u00f3n.<br \/>Ejecutar cada uno de los protocolos contenidos en el Reglamento de Convivencia Escolar.<br \/>Coordinar iniciativas de capacitaci\u00f3n sobre promoci\u00f3n de la buena convivencia y manejo de situaciones de conflicto, entre los diversos estamentos de la comunidad educativa.<br \/>Promover el trabajo colaborativo entre los actores de la comunidad educativa en la elaboraci\u00f3n, implementaci\u00f3n y difusi\u00f3n de pol\u00edticas de prevenci\u00f3n, medidas pedag\u00f3gicas y disciplinarias que fomenten la buena convivencia escolar.<\/p>\n<p>[\/et_pb_text][\/et_pb_column][\/et_pb_row][\/et_pb_section]<\/p>\n","protected":false},"excerpt":{"rendered":"<p>Sr. Carlos Fuentealba Merino Correo de contacto:convivencia@ihsfa.cl \u00a0 \u00a0 \u00a0 \u00a0 \u00a0 \u00a0 \u00a0 \u00a0 \u00a0 \u00a0 \u00a0 \u00a0 \u00a0 \u00a0 \u00a0 \u00a0 \u00a0 \u00a0cfuentealba@ihsfa.cl Tel\u00e9fono: 412-871568Se define por Convivencia Escolar \u201cla coexistencia pac\u00edfica de los miembros de la comunidad educativa, que supone una interrelaci\u00f3n positiva entre ellos y permite el adecuado cumplimiento de los [&hellip;]<\/p>\n","protected":false},"author":1,"featured_media":0,"parent":0,"menu_order":0,"comment_status":"closed","ping_status":"closed","template":"","meta":{"_et_pb_use_builder":"on","_et_pb_old_content":"","_et_gb_content_width":"","footnotes":""},"class_list":["post-47","page","type-page","status-publish","hentry"],"_links":{"self":[{"href":"https:\/\/ihsfa.cl\/index.php\/wp-json\/wp\/v2\/pages\/47"}],"collection":[{"href":"https:\/\/ihsfa.cl\/index.php\/wp-json\/wp\/v2\/pages"}],"about":[{"href":"https:\/\/ihsfa.cl\/index.php\/wp-json\/wp\/v2\/types\/page"}],"author":[{"embeddable":true,"href":"https:\/\/ihsfa.cl\/index.php\/wp-json\/wp\/v2\/users\/1"}],"replies":[{"embeddable":true,"href":"https:\/\/ihsfa.cl\/index.php\/wp-json\/wp\/v2\/comments?post=47"}],"version-history":[{"count":10,"href":"https:\/\/ihsfa.cl\/index.php\/wp-json\/wp\/v2\/pages\/47\/revisions"}],"predecessor-version":[{"id":3287,"href":"https:\/\/ihsfa.cl\/index.php\/wp-json\/wp\/v2\/pages\/47\/revisions\/3287"}],"wp:attachment":[{"href":"https:\/\/ihsfa.cl\/index.php\/wp-json\/wp\/v2\/media?parent=47"}],"curies":[{"name":"wp","href":"https:\/\/api.w.org\/{rel}","templated":true}]}}