{"id":53,"date":"2020-11-16T11:56:24","date_gmt":"2020-11-16T15:56:24","guid":{"rendered":"http:\/\/ihsfa.cl\/?page_id=53"},"modified":"2024-03-18T10:38:09","modified_gmt":"2024-03-18T14:38:09","slug":"ciclo-basico","status":"publish","type":"page","link":"https:\/\/ihsfa.cl\/index.php\/ciclo-basico\/","title":{"rendered":"Direcci\u00f3n de ciclo b\u00e1sico"},"content":{"rendered":"<p>[et_pb_section fb_built=&#8221;1&#8243; _builder_version=&#8221;4.16&#8243; _module_preset=&#8221;default&#8221; background_color=&#8221;#433f87&#8243; border_width_top=&#8221;2px&#8221; border_color_top=&#8221;#e09900&#8243; global_colors_info=&#8221;{}&#8221;][et_pb_row _builder_version=&#8221;4.16&#8243; _module_preset=&#8221;default&#8221; global_colors_info=&#8221;{}&#8221;][et_pb_column type=&#8221;4_4&#8243; _builder_version=&#8221;4.16&#8243; _module_preset=&#8221;default&#8221; global_colors_info=&#8221;{}&#8221;][et_pb_text _builder_version=&#8221;4.16&#8243; _dynamic_attributes=&#8221;content&#8221; _module_preset=&#8221;default&#8221; header_font=&#8221;|700||on|||||&#8221; header_text_align=&#8221;center&#8221; header_text_color=&#8221;#ffffff&#8221; header_font_size=&#8221;45px&#8221; header_line_height=&#8221;1.3em&#8221; global_colors_info=&#8221;{}&#8221;]@ET-DC@eyJkeW5hbWljIjp0cnVlLCJjb250ZW50IjoicG9zdF9saW5rIiwic2V0dGluZ3MiOnsiYmVmb3JlIjoiPGgxPiIsImFmdGVyIjoiPC9oMT4iLCJ0ZXh0IjoicG9zdF90aXRsZSIsImN1c3RvbV90ZXh0IjoiIn19@[\/et_pb_text][\/et_pb_column][\/et_pb_row][\/et_pb_section][et_pb_section fb_built=&#8221;1&#8243; _builder_version=&#8221;4.16&#8243; _module_preset=&#8221;default&#8221; global_colors_info=&#8221;{}&#8221;][et_pb_row column_structure=&#8221;2_5,3_5&#8243; _builder_version=&#8221;4.16&#8243; _module_preset=&#8221;default&#8221; global_colors_info=&#8221;{}&#8221;][et_pb_column type=&#8221;2_5&#8243; _builder_version=&#8221;4.16&#8243; _module_preset=&#8221;default&#8221; global_colors_info=&#8221;{}&#8221;][et_pb_image src=&#8221;https:\/\/ihsfa.cl\/wp-content\/uploads\/2022\/11\/Juan-Pablo-Duran.jpg&#8221; title_text=&#8221;Juan Pablo Duran&#8221; _builder_version=&#8221;4.18.0&#8243; _module_preset=&#8221;default&#8221; global_colors_info=&#8221;{}&#8221;][\/et_pb_image][\/et_pb_column][et_pb_column type=&#8221;3_5&#8243; _builder_version=&#8221;4.16&#8243; _module_preset=&#8221;default&#8221; global_colors_info=&#8221;{}&#8221;][et_pb_text _builder_version=&#8221;4.16&#8243; _module_preset=&#8221;default&#8221; global_colors_info=&#8221;{}&#8221;]<\/p>\n<h1><strong>Director de Ciclo B\u00e1sico<\/strong><\/h1>\n<p>Sr. Juan Pablo Dur\u00e1n Gonz\u00e1lez<\/p>\n<p>Correo de contacto:<span>\u00a0<a href=\"mailto:jduran@ihsfa.cl\">jduran@ihsfa.cl<\/a><\/span><\/p>\n<p>Tel\u00e9fono: 412-871568<\/p>\n<p><strong>OBJETIVO<\/strong><br \/> Responsable de la direcci\u00f3n, administraci\u00f3n, supervisi\u00f3n, coordinaci\u00f3n y evaluaci\u00f3n del \u00e1mbito Curricular, Pastoral y de<br \/> Convivencia Escolar del Ciclo a su cargo, de acuerdo a los lineamientos de la Direcci\u00f3n y del PEI.<\/p>\n<p><strong>FUNCIONES<\/strong><br \/> Establecer lineamientos educativo-formativos al interior de su ciclo.<br \/> Asegurar la realizaci\u00f3n del Itinerario Pastoral en la comunidad educativa.<br \/> Gestionar el clima organizacional y la convivencia.<br \/> Difundir el PEI y la Planificaci\u00f3n Estrat\u00e9gica del establecimiento.<\/p>\n<p>[\/et_pb_text][\/et_pb_column][\/et_pb_row][et_pb_row _builder_version=&#8221;4.16&#8243; _module_preset=&#8221;default&#8221; global_colors_info=&#8221;{}&#8221;][et_pb_column type=&#8221;4_4&#8243; _builder_version=&#8221;4.16&#8243; _module_preset=&#8221;default&#8221; global_colors_info=&#8221;{}&#8221;][et_pb_text _builder_version=&#8221;4.24.2&#8243; _module_preset=&#8221;default&#8221; hover_enabled=&#8221;0&#8243; global_colors_info=&#8221;{}&#8221; sticky_enabled=&#8221;0&#8243;]<\/p>\n<p style=\"text-align: center;\">El equipo de docentes que forman el ciclo b\u00e1sico es el siguiente:<\/p>\n<table width=\"742\" style=\"height: 1457px; width: 742px; margin-left: auto; margin-right: auto;\">\n<tbody>\n<tr style=\"height: 24px;\">\n<td colspan=\"3\" style=\"width: 734.182px; text-align: center; height: 24px;\">CICLO EDUC. PARVULARIA Y B\u00c1SICA<\/td>\n<\/tr>\n<tr style=\"height: 24px;\">\n<td style=\"width: 235.148px; height: 24px; text-align: center;\">NOMBRE DOCENTES<\/td>\n<td style=\"width: 216.625px; height: 24px; text-align: center;\">JEFATURA<\/td>\n<td style=\"width: 272.591px; height: 24px; text-align: center;\">CORREO DE CONTACTO<\/td>\n<\/tr>\n<tr style=\"height: 56px;\">\n<td style=\"width: 235.148px; height: 56px; text-align: center;\">Leidy J\u00e9ldres Nova<\/td>\n<td style=\"width: 216.625px; height: 56px; text-align: center;\">PK A<\/td>\n<td style=\"width: 272.591px; height: 56px; text-align: center;\"><a href=\"mailto:leidy.nova@ihsfa.cl\">leidy.nova@ihsfa.cl<\/a><\/td>\n<\/tr>\n<tr style=\"height: 56px;\">\n<td style=\"width: 235.148px; height: 56px; text-align: center;\">Cintya Reinoso<\/td>\n<td style=\"width: 216.625px; height: 56px; text-align: center;\">PK B<\/td>\n<td style=\"width: 272.591px; height: 56px; text-align: center;\"><a href=\"mailto:creinoso@ihsfa.cl\">creinoso@ihsfa.cl<\/a><\/td>\n<\/tr>\n<tr style=\"height: 56px;\">\n<td style=\"width: 235.148px; height: 56px; text-align: center;\">Vlady Araneda G\u00e1lvez<\/td>\n<td style=\"width: 216.625px; height: 56px; text-align: center;\">K A<\/td>\n<td style=\"width: 272.591px; height: 56px; text-align: center;\"><a href=\"mailto:vlady.araneda@ihsfa.cl\">vlady.araneda@ihsfa.cl<\/a><\/td>\n<\/tr>\n<tr style=\"height: 56px;\">\n<td style=\"width: 235.148px; height: 56px; text-align: center;\">Ver\u00f3nica Carvajal Riffo<\/td>\n<td style=\"width: 216.625px; height: 56px; text-align: center;\">K B<\/td>\n<td style=\"width: 272.591px; height: 56px; text-align: center;\"><a href=\"mailto:veronica.carvajal@ihsfa.cl\">veronica.carvajal@ihsfa.cl<\/a><\/td>\n<\/tr>\n<tr style=\"height: 56px;\">\n<td style=\"width: 235.148px; height: 56px; text-align: center;\">Karen Beltr\u00e1n Monsalve<\/td>\n<td style=\"width: 216.625px; height: 56px; text-align: center;\">1\u00b0 b\u00e1s A<\/td>\n<td style=\"width: 272.591px; height: 56px; text-align: center;\"><a href=\"mailto:karen.beltran@ihsfa.cl\">karen.beltran@ihsfa.cl<\/a><\/td>\n<\/tr>\n<tr style=\"height: 56px;\">\n<td style=\"width: 235.148px; height: 56px; text-align: center;\">Mar\u00eda Jos\u00e9 Cerda Troncoso<\/td>\n<td style=\"width: 216.625px; height: 56px; text-align: center;\">1\u00b0 b\u00e1s B<\/td>\n<td style=\"width: 272.591px; height: 56px; text-align: center;\"><a href=\"mailto:maria.cerda@ihsfa.cl\">maria.cerda@ihsfa.cl<\/a><\/td>\n<\/tr>\n<tr style=\"height: 56px;\">\n<td style=\"width: 235.148px; height: 56px; text-align: center;\">Karen Acu\u00f1a Salgado<\/td>\n<td style=\"width: 216.625px; height: 56px; text-align: center;\">2\u00b0 b\u00e1s A<\/td>\n<td style=\"width: 272.591px; height: 56px; text-align: center;\"><a href=\"mailto:karen.acuna@ihsfa.cl\">karen.acuna@ihsfa.cl<\/a><\/td>\n<\/tr>\n<tr style=\"height: 56px;\">\n<td style=\"width: 235.148px; height: 56px; text-align: center;\">Francisca Contreras Sep\u00falveda<\/td>\n<td style=\"width: 216.625px; height: 56px; text-align: center;\">2\u00b0 b\u00e1s B<\/td>\n<td style=\"width: 272.591px; height: 56px; text-align: center;\"><a href=\"mailto:francisca.contreras@ihsfa.cl\">francisca.contreras@ihsfa.cl<\/a><\/td>\n<\/tr>\n<tr style=\"height: 56px;\">\n<td style=\"width: 235.148px; height: 56px; text-align: center;\">Elena Orellana Osorio<\/td>\n<td style=\"width: 216.625px; height: 56px; text-align: center;\">3\u00b0 b\u00e1s A<\/td>\n<td style=\"width: 272.591px; height: 56px; text-align: center;\"><a href=\"mailto:elena.orellana@ihsfa.cl\">elena.orellana@ihsfa.cl<\/a><\/td>\n<\/tr>\n<tr style=\"height: 56px;\">\n<td style=\"width: 235.148px; height: 56px; text-align: center;\">Pricila Bernales<\/td>\n<td style=\"width: 216.625px; height: 56px; text-align: center;\">3\u00b0 b\u00e1s B<\/td>\n<td style=\"width: 272.591px; height: 56px; text-align: center;\"><a href=\"mailto:pricila.bernales@ihsfa.cl\">pricila.bernales@ihsfa.cl<\/a><\/td>\n<\/tr>\n<tr style=\"height: 56px;\">\n<td style=\"width: 235.148px; height: 56px; text-align: center;\">Estrella Salgado<\/td>\n<td style=\"width: 216.625px; height: 56px; text-align: center;\">4\u00b0 b\u00e1s A<\/td>\n<td style=\"width: 272.591px; height: 56px; text-align: center;\"><a href=\"mailto:esalgado@ihsfa.cl\">esalgado@ihsfa.cl<\/a><\/td>\n<\/tr>\n<tr style=\"height: 56px;\">\n<td style=\"width: 235.148px; height: 56px; text-align: center;\">Mar\u00eda Teresa Rojas Jara<\/td>\n<td style=\"width: 216.625px; height: 56px; text-align: center;\">4\u00b0 b\u00e1s B<\/td>\n<td style=\"width: 272.591px; height: 56px; text-align: center;\"><a href=\"mailto:maria.rojas@ihsfa.cl\">maria.rojas@ihsfa.cl<\/a><\/td>\n<\/tr>\n<tr style=\"height: 56px;\">\n<td style=\"width: 235.148px; height: 56px; text-align: center;\">Juan Manuel Valencia<\/td>\n<td style=\"width: 216.625px; height: 56px; text-align: center;\">5\u00b0 b\u00e1s A<\/td>\n<td style=\"width: 272.591px; height: 56px; text-align: center;\"><a href=\"mailto:juan.valencia@ihsfa.cl\">juan.valencia@ihsfa.cl<\/a><\/td>\n<\/tr>\n<tr style=\"height: 56px;\">\n<td style=\"width: 235.148px; height: 56px; text-align: center;\">Juan Jos\u00e9 Alarc\u00f3n Valenzuela<\/td>\n<td style=\"width: 216.625px; height: 56px; text-align: center;\">5\u00b0 b\u00e1s B<\/td>\n<td style=\"width: 272.591px; height: 56px; text-align: center;\"><a href=\"mailto:juan.alarcon@ihsfa.cl\">juan.alarcon@ihsfa.cl<\/a><\/td>\n<\/tr>\n<tr style=\"height: 56px;\">\n<td style=\"width: 235.148px; height: 56px; text-align: center;\">Mar\u00eda Fernanda Guzm\u00e1n Concha<\/td>\n<td style=\"width: 216.625px; height: 56px; text-align: center;\">6\u00b0 b\u00e1s A<\/td>\n<td style=\"width: 272.591px; height: 56px; text-align: center;\"><a href=\"mailto:maria.guzman@ihsfa.cl\">maria.guzman@ihsfa.cl<\/a><\/td>\n<\/tr>\n<tr style=\"height: 56px;\">\n<td style=\"width: 235.148px; height: 56px; text-align: center;\">Henry Cifuentes<\/td>\n<td style=\"width: 216.625px; height: 56px; text-align: center;\">6\u00b0 b\u00e1s B<\/td>\n<td style=\"width: 272.591px; height: 56px; text-align: center;\"><a href=\"mailto:hcifuentes@ihsfa.cl\">hcifuentes@ihsfa.cl<\/a><\/td>\n<\/tr>\n<tr style=\"height: 56px;\">\n<td style=\"width: 235.148px; height: 56px; text-align: center;\">Carmen Carre\u00f1o<\/td>\n<td style=\"width: 216.625px; height: 56px; text-align: center;\">Prof. Educaci\u00f3n Tecnol\u00f3gica<\/td>\n<td style=\"width: 272.591px; height: 56px; text-align: center;\"><a href=\"mailto:ccarreno@ihsfa.cl\">ccarreno@ihsfa.cl<\/a><\/td>\n<\/tr>\n<tr style=\"height: 56px;\">\n<td style=\"width: 235.148px; height: 56px; text-align: center;\">Karen Carrasco Campos<\/td>\n<td style=\"width: 216.625px; height: 56px; text-align: center;\">Prof. Lenguaje<\/td>\n<td style=\"width: 272.591px; height: 56px; text-align: center;\"><a href=\"mailto:karen.carrasco@ihsfa.cl\">karen.carrasco@ihsfa.cl<\/a><\/td>\n<\/tr>\n<tr style=\"height: 56px;\">\n<td style=\"width: 235.148px; height: 56px; text-align: center;\">Caroly Kiessling Vera<\/td>\n<td style=\"width: 216.625px; height: 56px; text-align: center;\">Prof. Ingl\u00e9s<\/td>\n<td style=\"width: 272.591px; height: 56px; text-align: center;\"><a href=\"mailto:carolyn.kiessling@ihsfa.cl\">carolyn.kiessling@ihsfa.cl<\/a><\/td>\n<\/tr>\n<tr style=\"height: 56px;\">\n<td style=\"width: 235.148px; height: 56px; text-align: center;\">Delia Alc\u00e1ntara Carrasco<\/td>\n<td style=\"width: 216.625px; height: 56px; text-align: center;\">Prof. De Artes y Tecnolog\u00eda<\/td>\n<td style=\"width: 272.591px; height: 56px; text-align: center;\"><a href=\"mailto:delia.alcantara@ihsfa.cl\">delia.alcantara@ihsfa.cl<\/a><\/td>\n<\/tr>\n<tr style=\"height: 56px;\">\n<td style=\"width: 235.148px; height: 56px; text-align: center;\">H\u00e9ctor Uribe<\/td>\n<td style=\"width: 216.625px; height: 56px; text-align: center;\">Prof. M\u00fasica<\/td>\n<td style=\"width: 272.591px; height: 56px; text-align: center;\"><a href=\"mailto:hector.uribe@ihsfa.cl\">hector.uribe@ihsfa.cl<\/a><\/td>\n<\/tr>\n<tr style=\"height: 56px;\">\n<td style=\"width: 235.148px; height: 56px; text-align: center;\">Gisselle Venegas<\/td>\n<td style=\"width: 216.625px; height: 56px; text-align: center;\">Prof. Educaci\u00f3n F\u00edsica y Salud<\/td>\n<td style=\"width: 272.591px; height: 56px; text-align: center;\"><a href=\"mailto:gvenegas@ihsfa.cl\">gvenegas@ihsfa.cl<\/a><\/td>\n<\/tr>\n<tr style=\"height: 56px;\">\n<td style=\"width: 235.148px; height: 56px; text-align: center;\">Ignacio Bueno<\/td>\n<td style=\"width: 216.625px; height: 56px; text-align: center;\">Prof. Matem\u00e1ticas<\/td>\n<td style=\"width: 272.591px; height: 56px; text-align: center;\"><a href=\"mailto:ibueno@ihsfa.cl\">ibueno@ihsfa.cl<\/a><\/td>\n<\/tr>\n<\/tbody>\n<\/table>\n<p>&nbsp;<\/p>\n<p>[\/et_pb_text][\/et_pb_column][\/et_pb_row][\/et_pb_section]<\/p>\n","protected":false},"excerpt":{"rendered":"<p>Director de Ciclo B\u00e1sico Sr. Juan Pablo Dur\u00e1n Gonz\u00e1lez Correo de contacto:\u00a0jduran@ihsfa.cl Tel\u00e9fono: 412-871568 OBJETIVO Responsable de la direcci\u00f3n, administraci\u00f3n, supervisi\u00f3n, coordinaci\u00f3n y evaluaci\u00f3n del \u00e1mbito Curricular, Pastoral y de Convivencia Escolar del Ciclo a su cargo, de acuerdo a los lineamientos de la Direcci\u00f3n y del PEI. FUNCIONES Establecer lineamientos educativo-formativos al interior de [&hellip;]<\/p>\n","protected":false},"author":1,"featured_media":0,"parent":0,"menu_order":0,"comment_status":"closed","ping_status":"closed","template":"","meta":{"_et_pb_use_builder":"on","_et_pb_old_content":"<!-- wp:divi\/placeholder \/-->","_et_gb_content_width":"","footnotes":""},"class_list":["post-53","page","type-page","status-publish","hentry"],"_links":{"self":[{"href":"https:\/\/ihsfa.cl\/index.php\/wp-json\/wp\/v2\/pages\/53"}],"collection":[{"href":"https:\/\/ihsfa.cl\/index.php\/wp-json\/wp\/v2\/pages"}],"about":[{"href":"https:\/\/ihsfa.cl\/index.php\/wp-json\/wp\/v2\/types\/page"}],"author":[{"embeddable":true,"href":"https:\/\/ihsfa.cl\/index.php\/wp-json\/wp\/v2\/users\/1"}],"replies":[{"embeddable":true,"href":"https:\/\/ihsfa.cl\/index.php\/wp-json\/wp\/v2\/comments?post=53"}],"version-history":[{"count":14,"href":"https:\/\/ihsfa.cl\/index.php\/wp-json\/wp\/v2\/pages\/53\/revisions"}],"predecessor-version":[{"id":3266,"href":"https:\/\/ihsfa.cl\/index.php\/wp-json\/wp\/v2\/pages\/53\/revisions\/3266"}],"wp:attachment":[{"href":"https:\/\/ihsfa.cl\/index.php\/wp-json\/wp\/v2\/media?parent=53"}],"curies":[{"name":"wp","href":"https:\/\/api.w.org\/{rel}","templated":true}]}}