{"id":55,"date":"2020-11-16T11:56:49","date_gmt":"2020-11-16T15:56:49","guid":{"rendered":"http:\/\/ihsfa.cl\/?page_id=55"},"modified":"2024-08-05T12:14:57","modified_gmt":"2024-08-05T16:14:57","slug":"ciclo-medio","status":"publish","type":"page","link":"https:\/\/ihsfa.cl\/index.php\/ciclo-medio\/","title":{"rendered":"Direcci\u00f3n de Ciclo Medio"},"content":{"rendered":"<p>[et_pb_section fb_built=&#8221;1&#8243; _builder_version=&#8221;4.16&#8243; _module_preset=&#8221;default&#8221; background_color=&#8221;#433f87&#8243; border_width_top=&#8221;2px&#8221; border_color_top=&#8221;#e09900&#8243; global_colors_info=&#8221;{}&#8221;][et_pb_row _builder_version=&#8221;4.16&#8243; _module_preset=&#8221;default&#8221; global_colors_info=&#8221;{}&#8221;][et_pb_column type=&#8221;4_4&#8243; _builder_version=&#8221;4.16&#8243; _module_preset=&#8221;default&#8221; global_colors_info=&#8221;{}&#8221;][et_pb_text _builder_version=&#8221;4.16&#8243; _dynamic_attributes=&#8221;content&#8221; _module_preset=&#8221;default&#8221; header_font=&#8221;|700||on|||||&#8221; header_text_align=&#8221;center&#8221; header_text_color=&#8221;#ffffff&#8221; header_font_size=&#8221;45px&#8221; header_line_height=&#8221;1.3em&#8221; global_colors_info=&#8221;{}&#8221;]@ET-DC@eyJkeW5hbWljIjp0cnVlLCJjb250ZW50IjoicG9zdF9saW5rIiwic2V0dGluZ3MiOnsiYmVmb3JlIjoiPGgxPiIsImFmdGVyIjoiPC9oMT4iLCJ0ZXh0IjoicG9zdF90aXRsZSIsImN1c3RvbV90ZXh0IjoiIn19@[\/et_pb_text][\/et_pb_column][\/et_pb_row][\/et_pb_section][et_pb_section fb_built=&#8221;1&#8243; _builder_version=&#8221;4.16&#8243; _module_preset=&#8221;default&#8221; global_colors_info=&#8221;{}&#8221;][et_pb_row _builder_version=&#8221;4.16&#8243; _module_preset=&#8221;default&#8221; global_colors_info=&#8221;{}&#8221;][et_pb_column type=&#8221;4_4&#8243; _builder_version=&#8221;4.16&#8243; _module_preset=&#8221;default&#8221; global_colors_info=&#8221;{}&#8221;][\/et_pb_column][\/et_pb_row][et_pb_row column_structure=&#8221;2_5,3_5&#8243; _builder_version=&#8221;4.16&#8243; _module_preset=&#8221;default&#8221; global_colors_info=&#8221;{}&#8221;][et_pb_column type=&#8221;2_5&#8243; _builder_version=&#8221;4.16&#8243; _module_preset=&#8221;default&#8221; global_colors_info=&#8221;{}&#8221;][et_pb_image src=&#8221;https:\/\/ihsfa.cl\/wp-content\/uploads\/2023\/02\/cropped-ihsfa-trans.png&#8221; title_text=&#8221;cropped-ihsfa-trans.png&#8221; _builder_version=&#8221;4.26.0&#8243; _module_preset=&#8221;default&#8221; hover_enabled=&#8221;0&#8243; global_colors_info=&#8221;{}&#8221; sticky_enabled=&#8221;0&#8243;][\/et_pb_image][\/et_pb_column][et_pb_column type=&#8221;3_5&#8243; _builder_version=&#8221;4.16&#8243; _module_preset=&#8221;default&#8221; global_colors_info=&#8221;{}&#8221;][et_pb_text _builder_version=&#8221;4.26.0&#8243; _module_preset=&#8221;default&#8221; hover_enabled=&#8221;0&#8243; global_colors_info=&#8221;{}&#8221; sticky_enabled=&#8221;0&#8243;]<\/p>\n<h1><strong>Director de Ciclo Medio<\/strong><\/h1>\n<p>Sr.<\/p>\n<p>Correo de contacto:<span> <a href=\"mailto:gsepulveda@ihsfa.cl\">@ihsfa.cl<\/a><\/span><\/p>\n<p>Tel\u00e9fono: 412-871568<\/p>\n<p><strong>OBJETIVO<\/strong><br \/>Responsable de la direcci\u00f3n, administraci\u00f3n, supervisi\u00f3n, coordinaci\u00f3n y evaluaci\u00f3n del \u00e1mbito Curricular, Pastoral y de<br \/>Convivencia Escolar del Ciclo a su cargo, de acuerdo a los lineamientos de la Direcci\u00f3n y del PEI.<\/p>\n<p><strong>FUNCIONES<\/strong><br \/>Establecer lineamientos educativo-formativos al interior de su ciclo.<br \/>Asegurar la realizaci\u00f3n del Itinerario Pastoral en la comunidad educativa.<br \/>Gestionar el clima organizacional y la convivencia.<br \/>Difundir el PEI y la Planificaci\u00f3n Estrat\u00e9gica del establecimiento.<\/p>\n<p>[\/et_pb_text][\/et_pb_column][\/et_pb_row][et_pb_row _builder_version=&#8221;4.16&#8243; _module_preset=&#8221;default&#8221; global_colors_info=&#8221;{}&#8221;][et_pb_column type=&#8221;4_4&#8243; _builder_version=&#8221;4.16&#8243; _module_preset=&#8221;default&#8221; global_colors_info=&#8221;{}&#8221;][et_pb_text _builder_version=&#8221;4.24.2&#8243; _module_preset=&#8221;default&#8221; global_colors_info=&#8221;{}&#8221;]<\/p>\n<p style=\"text-align: center;\">El equipo de docentes que forman el ciclo media es el siguiente:<\/p>\n<table width=\"796\" style=\"height: 672px; width: 796px; margin-left: auto; margin-right: auto;\" height=\"796\">\n<tbody>\n<tr style=\"height: 32px;\">\n<td colspan=\"3\" style=\"width: 788.182px; text-align: center; height: 32px;\">CICLO EDUCACI\u00d3N MEDIA<\/td>\n<\/tr>\n<tr style=\"height: 32px;\">\n<td style=\"width: 290.477px; text-align: center; height: 32px;\">NOMBRE DOCENTES<\/td>\n<td style=\"width: 231.148px; text-align: center; height: 32px;\">JEFATURA<\/td>\n<td style=\"width: 256.739px; text-align: center; height: 32px;\">CORREO DE CONTACTO<\/td>\n<\/tr>\n<tr style=\"height: 32px;\">\n<td style=\"width: 290.477px; text-align: center; height: 32px;\">Milenka Pino East<\/td>\n<td style=\"width: 231.148px; text-align: center; height: 32px;\">7MO A<\/td>\n<td style=\"width: 256.739px; text-align: center; height: 32px;\">\n<p><a href=\"mailto:mpino@ihsfa.cl\">mpino@ihsfa.cl<\/a><\/p>\n<\/td>\n<\/tr>\n<tr style=\"height: 32px;\">\n<td style=\"width: 290.477px; text-align: center; height: 32px;\">Cristina Tapia Monsalvez<\/td>\n<td style=\"width: 231.148px; text-align: center; height: 32px;\">7MO B<\/td>\n<td style=\"width: 256.739px; text-align: center; height: 32px;\">\n<p><a href=\"mailto:ctapia@ihsfa.cl\">ctapia@ihsfa.cl<\/a><\/p>\n<\/td>\n<\/tr>\n<tr style=\"height: 32px;\">\n<td style=\"width: 290.477px; text-align: center; height: 32px;\">Maria Francisca Elgueta Araneda<\/td>\n<td style=\"width: 231.148px; text-align: center; height: 32px;\">8VO A<\/td>\n<td style=\"width: 256.739px; text-align: center; height: 32px;\">\n<p><a href=\"mailto:maria.elgueta@ihsfa.cl\">maria.elgueta@ihsfa.cl<\/a><\/p>\n<\/td>\n<\/tr>\n<tr style=\"height: 32px;\">\n<td style=\"width: 290.477px; text-align: center; height: 32px;\">Richard Domingo Bustos Matus<\/td>\n<td style=\"width: 231.148px; text-align: center; height: 32px;\">8VO B<\/td>\n<td style=\"width: 256.739px; text-align: center; height: 32px;\">\n<p><a href=\"mailto:richard.bustos@ihsfa.cl\">richard.bustos@ihsfa.cl<\/a><\/p>\n<\/td>\n<\/tr>\n<tr style=\"height: 32px;\">\n<td style=\"width: 290.477px; text-align: center; height: 32px;\">Francisco D\u00edaz\u00a0<\/td>\n<td style=\"width: 231.148px; text-align: center; height: 32px;\">1EM A<\/td>\n<td style=\"width: 256.739px; text-align: center; height: 32px;\">\n<p><a href=\"mailto:fdiaz@ihsfa.cl\">fdiaz@ihsfa.cl<\/a><\/p>\n<\/td>\n<\/tr>\n<tr style=\"height: 32px;\">\n<td style=\"width: 290.477px; text-align: center; height: 32px;\">Pilar Alejandra Torres Armella<\/td>\n<td style=\"width: 231.148px; text-align: center; height: 32px;\">1EM B<\/td>\n<td style=\"width: 256.739px; text-align: center; height: 32px;\">\n<p><a href=\"mailto:pilar.torres@ihsfa.cl\">pilar.torres@ihsfa.cl<\/a><\/p>\n<\/td>\n<\/tr>\n<tr style=\"height: 32px;\">\n<td style=\"width: 290.477px; text-align: center; height: 32px;\">Jos\u00e9 Luis Urriola Riquelme<\/td>\n<td style=\"width: 231.148px; text-align: center; height: 32px;\">2EM A<\/td>\n<td style=\"width: 256.739px; text-align: center; height: 32px;\">\n<p><a href=\"mailto:jose.urriola@ihsfa.cl\">jose.urriola@ihsfa.cl<\/a><\/p>\n<\/td>\n<\/tr>\n<tr style=\"height: 32px;\">\n<td style=\"width: 290.477px; text-align: center; height: 32px;\">Oscar Andr\u00e9s Cifuentes Benavente<\/td>\n<td style=\"width: 231.148px; text-align: center; height: 32px;\">2EM B<\/td>\n<td style=\"width: 256.739px; text-align: center; height: 32px;\">\n<p><a href=\"mailto:oscar.cifuentes@ihsfa.cl\">oscar.cifuentes@ihsfa.cl<\/a><\/p>\n<\/td>\n<\/tr>\n<tr style=\"height: 32px;\">\n<td style=\"width: 290.477px; text-align: center; height: 32px;\">Alexi Eduardo Jara Rocha<\/td>\n<td style=\"width: 231.148px; text-align: center; height: 32px;\">3EM A<\/td>\n<td style=\"width: 256.739px; text-align: center; height: 32px;\">\n<p><a href=\"mailto:alexi.jara@ihsfa.cl\">alexi.jara@ihsfa.cl<\/a><\/p>\n<\/td>\n<\/tr>\n<tr style=\"height: 32px;\">\n<td style=\"width: 290.477px; text-align: center; height: 32px;\">Joaqu\u00edn Ricardo Tapia P\u00e9rez<\/td>\n<td style=\"width: 231.148px; text-align: center; height: 32px;\">3EM B<\/td>\n<td style=\"width: 256.739px; text-align: center; height: 32px;\">\n<p><a href=\"mailto:joaquin.tapia@ihsfa.cl\">joaquin.tapia@ihsfa.cl<\/a><\/p>\n<\/td>\n<\/tr>\n<tr style=\"height: 32px;\">\n<td style=\"width: 290.477px; text-align: center; height: 32px;\">Michelle Estefan\u00eda Olivari Erices<\/td>\n<td style=\"width: 231.148px; text-align: center; height: 32px;\">4EM A<\/td>\n<td style=\"width: 256.739px; text-align: center; height: 32px;\">\n<p><a href=\"mailto:michelle.olivari@ihsfa.cl\">michelle.olivari@ihsfa.cl<\/a><\/p>\n<\/td>\n<\/tr>\n<tr style=\"height: 32px;\">\n<td style=\"width: 290.477px; text-align: center; height: 32px;\">Nataly Andrea Y\u00e9venes Ferrada<\/td>\n<td style=\"width: 231.148px; text-align: center; height: 32px;\">4EM B<\/td>\n<td style=\"width: 256.739px; text-align: center; height: 32px;\">\n<p><a href=\"mailto:nataly.yevenes@ihsfa.cl\">nataly.yevenes@ihsfa.cl<\/a><\/p>\n<\/td>\n<\/tr>\n<tr style=\"height: 32px;\">\n<td style=\"width: 290.477px; text-align: center; height: 32px;\">Carla Matamala<\/td>\n<td style=\"width: 231.148px; text-align: center; height: 32px;\">Prof. Religi\u00f3n<\/td>\n<td style=\"width: 256.739px; text-align: center; height: 32px;\">\n<p><a href=\"mailto:cmatamala@ihsfa.cl\">cmatamala@ihsfa.cl<\/a><\/p>\n<\/td>\n<\/tr>\n<tr style=\"height: 32px;\">\n<td style=\"width: 290.477px; text-align: center; height: 32px;\">Luis Martinez<\/td>\n<td style=\"width: 231.148px; text-align: center; height: 32px;\">Prof. F\u00edsica y Matem\u00e1ticas<\/td>\n<td style=\"width: 256.739px; text-align: center; height: 32px;\">\n<p><a href=\"mailto:luis.martinez@ihsfa.cl\">luis.martinez@ihsfa.cl<\/a><\/p>\n<\/td>\n<\/tr>\n<tr style=\"height: 32px;\">\n<td style=\"width: 290.477px; text-align: center; height: 32px;\">Juan Luis Valderrama<\/td>\n<td style=\"width: 231.148px; text-align: center; height: 32px;\">Prof. M\u00fasica<\/td>\n<td style=\"width: 256.739px; text-align: center; height: 32px;\">\n<p><a href=\"mailto:jvalderrama@ihsfa.cl\">jvalderrama@ihsfa.cl<\/a><\/p>\n<\/td>\n<\/tr>\n<tr style=\"height: 32px;\">\n<td style=\"width: 290.477px; text-align: center; height: 32px;\">Javiera Toledo<\/td>\n<td style=\"width: 231.148px; text-align: center; height: 32px;\">Prof. Lengua y literatura<\/td>\n<td style=\"width: 256.739px; text-align: center; height: 32px;\">\n<p><a href=\"mailto:jtoledo@ihsfa.cl\">jtoledo@ihsfa.cl<\/a><\/p>\n<\/td>\n<\/tr>\n<tr style=\"height: 32px;\">\n<td style=\"width: 290.477px; text-align: center; height: 32px;\">Ram\u00f3n Vega<\/td>\n<td style=\"width: 231.148px; text-align: center; height: 32px;\">Prof. Matem\u00e1tica<\/td>\n<td style=\"width: 256.739px; text-align: center; height: 32px;\">\n<p><a href=\"mailto:ramon.vega@ihsfa.cl\">ramon.vega@ihsfa.cl<\/a><\/p>\n<\/td>\n<\/tr>\n<tr style=\"height: 32px;\">\n<td style=\"width: 290.477px; text-align: center; height: 32px;\">Orietta Quijada<\/td>\n<td style=\"width: 231.148px; text-align: center; height: 32px;\">Prof. Matem\u00e1tica<\/td>\n<td style=\"width: 256.739px; text-align: center; height: 32px;\">\n<p><a href=\"mailto:oquijada@ihsfa.cl\">oquijada@ihsfa.cl<\/a><\/p>\n<\/td>\n<\/tr>\n<tr style=\"height: 32px;\">\n<td style=\"width: 290.477px; text-align: center; height: 32px;\">David Ulloa<\/td>\n<td style=\"width: 231.148px; text-align: center; height: 32px;\">Prof. Ingl\u00e9s<\/td>\n<td style=\"width: 256.739px; text-align: center; height: 32px;\">\n<p><a href=\"mailto:dulloa@ihsfa.cl\">dulloa@ihsfa.cl<\/a><\/p>\n<\/td>\n<\/tr>\n<\/tbody>\n<\/table>\n<p>[\/et_pb_text][\/et_pb_column][\/et_pb_row][\/et_pb_section]<\/p>\n","protected":false},"excerpt":{"rendered":"<p>Director de Ciclo Medio Sr. Correo de contacto: @ihsfa.cl Tel\u00e9fono: 412-871568 OBJETIVOResponsable de la direcci\u00f3n, administraci\u00f3n, supervisi\u00f3n, coordinaci\u00f3n y evaluaci\u00f3n del \u00e1mbito Curricular, Pastoral y deConvivencia Escolar del Ciclo a su cargo, de acuerdo a los lineamientos de la Direcci\u00f3n y del PEI. FUNCIONESEstablecer lineamientos educativo-formativos al interior de su ciclo.Asegurar la realizaci\u00f3n del Itinerario [&hellip;]<\/p>\n","protected":false},"author":1,"featured_media":0,"parent":0,"menu_order":0,"comment_status":"closed","ping_status":"closed","template":"","meta":{"_et_pb_use_builder":"on","_et_pb_old_content":"","_et_gb_content_width":"","footnotes":""},"class_list":["post-55","page","type-page","status-publish","hentry"],"_links":{"self":[{"href":"https:\/\/ihsfa.cl\/index.php\/wp-json\/wp\/v2\/pages\/55"}],"collection":[{"href":"https:\/\/ihsfa.cl\/index.php\/wp-json\/wp\/v2\/pages"}],"about":[{"href":"https:\/\/ihsfa.cl\/index.php\/wp-json\/wp\/v2\/types\/page"}],"author":[{"embeddable":true,"href":"https:\/\/ihsfa.cl\/index.php\/wp-json\/wp\/v2\/users\/1"}],"replies":[{"embeddable":true,"href":"https:\/\/ihsfa.cl\/index.php\/wp-json\/wp\/v2\/comments?post=55"}],"version-history":[{"count":17,"href":"https:\/\/ihsfa.cl\/index.php\/wp-json\/wp\/v2\/pages\/55\/revisions"}],"predecessor-version":[{"id":3360,"href":"https:\/\/ihsfa.cl\/index.php\/wp-json\/wp\/v2\/pages\/55\/revisions\/3360"}],"wp:attachment":[{"href":"https:\/\/ihsfa.cl\/index.php\/wp-json\/wp\/v2\/media?parent=55"}],"curies":[{"name":"wp","href":"https:\/\/api.w.org\/{rel}","templated":true}]}}